{"id":596,"date":"2017-11-05T23:23:55","date_gmt":"2017-11-05T22:23:55","guid":{"rendered":"http:\/\/www.gesellschaft-freiwilligenmanagement.de\/wp\/?page_id=596"},"modified":"2023-08-07T21:44:33","modified_gmt":"2023-08-07T19:44:33","slug":"satzung","status":"publish","type":"page","link":"https:\/\/www.gesellschaft-freiwilligenmanagement.de\/wp\/satzung\/","title":{"rendered":"Satzung"},"content":{"rendered":"<p>Die Gesellschaft f\u00fcr Freiwilligenmanagement finanziert sich aus<br \/>\nMitgliedsbeitr\u00e4gen und Spenden.<\/p>\n<p>Der Vorstand ist ehrenamtlich t\u00e4tig.<\/p>\n<p><img loading=\"lazy\" decoding=\"async\" class=\"alignnone\" title=\"\" src=\"https:\/\/www.gesellschaft-freiwilligenmanagement.de\/wp\/wp-content\/uploads\/shaking-hands-2499612_1920.jpg\" alt=\"Satzung\" width=\"223\" height=\"123\" \/><\/p>\n<p><a href=\"https:\/\/www.gesellschaft-freiwilligenmanagement.de\/wp\/wp-content\/uploads\/Satzung-1.pdf\">[Satzung]<\/a><\/p>\n<p>&nbsp;<\/p>\n","protected":false},"excerpt":{"rendered":"<p>Die Gesellschaft f\u00fcr Freiwilligenmanagement finanziert sich aus Mitgliedsbeitr\u00e4gen und Spenden. Der Vorstand ist ehrenamtlich t\u00e4tig. [Satzung] &nbsp;<\/p>\n <a class=\"more-link\" href=\"https:\/\/www.gesellschaft-freiwilligenmanagement.de\/wp\/satzung\/\"><span class=\"more-msg\">Weiterlesen &rarr;<\/span><\/a>","protected":false},"author":7,"featured_media":0,"parent":0,"menu_order":0,"comment_status":"closed","ping_status":"closed","template":"","meta":{"_lmt_disableupdate":"no","_lmt_disable":"","footnotes":""},"class_list":["post-596","page","type-page","status-publish","hentry"],"yoast_head":"<!-- This site is optimized with the Yoast SEO plugin v27.3 - https:\/\/yoast.com\/product\/yoast-seo-wordpress\/ -->\n<title>Satzung - Gesellschaft f\u00fcr Freiwilligenmanagement<\/title>\n<meta name=\"description\" content=\"Satzung - Die GFM finanziert sich aus Mitgliedsbeitr\u00e4gen und Spenden. Der Vorstand ist ehrenamtlich t\u00e4tig. Link zur Satzung (PDF)\" \/>\n<meta name=\"robots\" content=\"index, follow, max-snippet:-1, max-image-preview:large, max-video-preview:-1\" \/>\n<link rel=\"canonical\" href=\"https:\/\/www.gesellschaft-freiwilligenmanagement.de\/wp\/satzung\/\" \/>\n<meta name=\"twitter:label1\" content=\"Gesch\u00e4tzte Lesezeit\" \/>\n\t<meta name=\"twitter:data1\" content=\"1\u00a0Minute\" \/>\n<script type=\"application\/ld+json\" class=\"yoast-schema-graph\">{\"@context\":\"https:\\\/\\\/schema.org\",\"@graph\":[{\"@type\":\"WebPage\",\"@id\":\"https:\\\/\\\/www.gesellschaft-freiwilligenmanagement.de\\\/wp\\\/satzung\\\/\",\"url\":\"https:\\\/\\\/www.gesellschaft-freiwilligenmanagement.de\\\/wp\\\/satzung\\\/\",\"name\":\"Satzung - Gesellschaft f\u00fcr Freiwilligenmanagement\",\"isPartOf\":{\"@id\":\"https:\\\/\\\/www.gesellschaft-freiwilligenmanagement.de\\\/wp\\\/#website\"},\"primaryImageOfPage\":{\"@id\":\"https:\\\/\\\/www.gesellschaft-freiwilligenmanagement.de\\\/wp\\\/satzung\\\/#primaryimage\"},\"image\":{\"@id\":\"https:\\\/\\\/www.gesellschaft-freiwilligenmanagement.de\\\/wp\\\/satzung\\\/#primaryimage\"},\"thumbnailUrl\":\"http:\\\/\\\/www.gesellschaft-freiwilligenmanagement.de\\\/wp\\\/wp-content\\\/uploads\\\/shaking-hands-2499612_1920.jpg\",\"datePublished\":\"2017-11-05T22:23:55+00:00\",\"dateModified\":\"2023-08-07T19:44:33+00:00\",\"description\":\"Satzung - Die GFM finanziert sich aus Mitgliedsbeitr\u00e4gen und Spenden. Der Vorstand ist ehrenamtlich t\u00e4tig. Link zur Satzung (PDF)\",\"breadcrumb\":{\"@id\":\"https:\\\/\\\/www.gesellschaft-freiwilligenmanagement.de\\\/wp\\\/satzung\\\/#breadcrumb\"},\"inLanguage\":\"de\",\"potentialAction\":[{\"@type\":\"ReadAction\",\"target\":[\"https:\\\/\\\/www.gesellschaft-freiwilligenmanagement.de\\\/wp\\\/satzung\\\/\"]}]},{\"@type\":\"ImageObject\",\"inLanguage\":\"de\",\"@id\":\"https:\\\/\\\/www.gesellschaft-freiwilligenmanagement.de\\\/wp\\\/satzung\\\/#primaryimage\",\"url\":\"http:\\\/\\\/www.gesellschaft-freiwilligenmanagement.de\\\/wp\\\/wp-content\\\/uploads\\\/shaking-hands-2499612_1920.jpg\",\"contentUrl\":\"http:\\\/\\\/www.gesellschaft-freiwilligenmanagement.de\\\/wp\\\/wp-content\\\/uploads\\\/shaking-hands-2499612_1920.jpg\"},{\"@type\":\"BreadcrumbList\",\"@id\":\"https:\\\/\\\/www.gesellschaft-freiwilligenmanagement.de\\\/wp\\\/satzung\\\/#breadcrumb\",\"itemListElement\":[{\"@type\":\"ListItem\",\"position\":1,\"name\":\"Startseite\",\"item\":\"https:\\\/\\\/www.gesellschaft-freiwilligenmanagement.de\\\/wp\\\/\"},{\"@type\":\"ListItem\",\"position\":2,\"name\":\"Satzung\"}]},{\"@type\":\"WebSite\",\"@id\":\"https:\\\/\\\/www.gesellschaft-freiwilligenmanagement.de\\\/wp\\\/#website\",\"url\":\"https:\\\/\\\/www.gesellschaft-freiwilligenmanagement.de\\\/wp\\\/\",\"name\":\"Gesellschaft f\u00fcr Freiwilligenmanagement\",\"description\":\"\",\"potentialAction\":[{\"@type\":\"SearchAction\",\"target\":{\"@type\":\"EntryPoint\",\"urlTemplate\":\"https:\\\/\\\/www.gesellschaft-freiwilligenmanagement.de\\\/wp\\\/?s={search_term_string}\"},\"query-input\":{\"@type\":\"PropertyValueSpecification\",\"valueRequired\":true,\"valueName\":\"search_term_string\"}}],\"inLanguage\":\"de\"}]}<\/script>\n<!-- \/ Yoast SEO plugin. -->","yoast_head_json":{"title":"Satzung - Gesellschaft f\u00fcr Freiwilligenmanagement","description":"Satzung - Die GFM finanziert sich aus Mitgliedsbeitr\u00e4gen und Spenden. Der Vorstand ist ehrenamtlich t\u00e4tig. Link zur Satzung (PDF)","robots":{"index":"index","follow":"follow","max-snippet":"max-snippet:-1","max-image-preview":"max-image-preview:large","max-video-preview":"max-video-preview:-1"},"canonical":"https:\/\/www.gesellschaft-freiwilligenmanagement.de\/wp\/satzung\/","twitter_misc":{"Gesch\u00e4tzte Lesezeit":"1\u00a0Minute"},"schema":{"@context":"https:\/\/schema.org","@graph":[{"@type":"WebPage","@id":"https:\/\/www.gesellschaft-freiwilligenmanagement.de\/wp\/satzung\/","url":"https:\/\/www.gesellschaft-freiwilligenmanagement.de\/wp\/satzung\/","name":"Satzung - Gesellschaft f\u00fcr Freiwilligenmanagement","isPartOf":{"@id":"https:\/\/www.gesellschaft-freiwilligenmanagement.de\/wp\/#website"},"primaryImageOfPage":{"@id":"https:\/\/www.gesellschaft-freiwilligenmanagement.de\/wp\/satzung\/#primaryimage"},"image":{"@id":"https:\/\/www.gesellschaft-freiwilligenmanagement.de\/wp\/satzung\/#primaryimage"},"thumbnailUrl":"http:\/\/www.gesellschaft-freiwilligenmanagement.de\/wp\/wp-content\/uploads\/shaking-hands-2499612_1920.jpg","datePublished":"2017-11-05T22:23:55+00:00","dateModified":"2023-08-07T19:44:33+00:00","description":"Satzung - Die GFM finanziert sich aus Mitgliedsbeitr\u00e4gen und Spenden. Der Vorstand ist ehrenamtlich t\u00e4tig. Link zur Satzung (PDF)","breadcrumb":{"@id":"https:\/\/www.gesellschaft-freiwilligenmanagement.de\/wp\/satzung\/#breadcrumb"},"inLanguage":"de","potentialAction":[{"@type":"ReadAction","target":["https:\/\/www.gesellschaft-freiwilligenmanagement.de\/wp\/satzung\/"]}]},{"@type":"ImageObject","inLanguage":"de","@id":"https:\/\/www.gesellschaft-freiwilligenmanagement.de\/wp\/satzung\/#primaryimage","url":"http:\/\/www.gesellschaft-freiwilligenmanagement.de\/wp\/wp-content\/uploads\/shaking-hands-2499612_1920.jpg","contentUrl":"http:\/\/www.gesellschaft-freiwilligenmanagement.de\/wp\/wp-content\/uploads\/shaking-hands-2499612_1920.jpg"},{"@type":"BreadcrumbList","@id":"https:\/\/www.gesellschaft-freiwilligenmanagement.de\/wp\/satzung\/#breadcrumb","itemListElement":[{"@type":"ListItem","position":1,"name":"Startseite","item":"https:\/\/www.gesellschaft-freiwilligenmanagement.de\/wp\/"},{"@type":"ListItem","position":2,"name":"Satzung"}]},{"@type":"WebSite","@id":"https:\/\/www.gesellschaft-freiwilligenmanagement.de\/wp\/#website","url":"https:\/\/www.gesellschaft-freiwilligenmanagement.de\/wp\/","name":"Gesellschaft f\u00fcr Freiwilligenmanagement","description":"","potentialAction":[{"@type":"SearchAction","target":{"@type":"EntryPoint","urlTemplate":"https:\/\/www.gesellschaft-freiwilligenmanagement.de\/wp\/?s={search_term_string}"},"query-input":{"@type":"PropertyValueSpecification","valueRequired":true,"valueName":"search_term_string"}}],"inLanguage":"de"}]}},"_links":{"self":[{"href":"https:\/\/www.gesellschaft-freiwilligenmanagement.de\/wp\/wp-json\/wp\/v2\/pages\/596","targetHints":{"allow":["GET"]}}],"collection":[{"href":"https:\/\/www.gesellschaft-freiwilligenmanagement.de\/wp\/wp-json\/wp\/v2\/pages"}],"about":[{"href":"https:\/\/www.gesellschaft-freiwilligenmanagement.de\/wp\/wp-json\/wp\/v2\/types\/page"}],"author":[{"embeddable":true,"href":"https:\/\/www.gesellschaft-freiwilligenmanagement.de\/wp\/wp-json\/wp\/v2\/users\/7"}],"replies":[{"embeddable":true,"href":"https:\/\/www.gesellschaft-freiwilligenmanagement.de\/wp\/wp-json\/wp\/v2\/comments?post=596"}],"version-history":[{"count":2,"href":"https:\/\/www.gesellschaft-freiwilligenmanagement.de\/wp\/wp-json\/wp\/v2\/pages\/596\/revisions"}],"predecessor-version":[{"id":1382,"href":"https:\/\/www.gesellschaft-freiwilligenmanagement.de\/wp\/wp-json\/wp\/v2\/pages\/596\/revisions\/1382"}],"wp:attachment":[{"href":"https:\/\/www.gesellschaft-freiwilligenmanagement.de\/wp\/wp-json\/wp\/v2\/media?parent=596"}],"curies":[{"name":"wp","href":"https:\/\/api.w.org\/{rel}","templated":true}]}}